{"id":298,"date":"2026-03-10T18:36:58","date_gmt":"2026-03-10T18:36:58","guid":{"rendered":"https:\/\/optimizatuwebwp.com\/?page_id=298"},"modified":"2026-03-10T18:52:40","modified_gmt":"2026-03-10T18:52:40","slug":"politica-de-cookies","status":"publish","type":"page","link":"https:\/\/optimizatuwebwp.com\/?page_id=298","title":{"rendered":"Pol\u00edtica de cookies"},"content":{"rendered":"<style>.elementor-298 .elementor-element.elementor-element-32a2c0e > .elementor-container{max-width:1170px;}.elementor-298 .elementor-element.elementor-element-32a2c0e:not(.elementor-motion-effects-element-type-background), .elementor-298 .elementor-element.elementor-element-32a2c0e > .elementor-motion-effects-container > .elementor-motion-effects-layer{background-color:var( --e-global-color-primary );}.elementor-298 .elementor-element.elementor-element-32a2c0e > .elementor-background-overlay{background-color:#000000;opacity:0.75;transition:background 0.3s, border-radius 0.3s, opacity 0.3s;}.elementor-298 .elementor-element.elementor-element-32a2c0e{transition:background 0.3s, border 0.3s, border-radius 0.3s, box-shadow 0.3s;margin-top:0px;margin-bottom:0px;padding:120px 0px 120px 0px;}.elementor-298 .elementor-element.elementor-element-351c5d2{text-align:center;}.elementor-298 .elementor-element.elementor-element-351c5d2 .elementor-heading-title{font-family:\"Inter\", Sans-serif;font-size:42px;font-weight:600;line-height:1.2em;color:var( --e-global-color-06a34e7 );}.elementor-298 .elementor-element.elementor-element-728d41e > .elementor-container{max-width:1170px;}.elementor-298 .elementor-element.elementor-element-728d41e > .elementor-container > .elementor-column > .elementor-widget-wrap{align-content:center;align-items:center;}.elementor-298 .elementor-element.elementor-element-728d41e{transition:background 0.3s, border 0.3s, border-radius 0.3s, box-shadow 0.3s;padding:100px 0px 100px 0px;}.elementor-298 .elementor-element.elementor-element-728d41e > .elementor-background-overlay{transition:background 0.3s, border-radius 0.3s, opacity 0.3s;}.elementor-298 .elementor-element.elementor-element-47fb142 > .elementor-element-populated{padding:10px 10px 40px 48px;}.elementor-298 .elementor-element.elementor-element-0126cdc{font-family:var( --e-global-typography-text-font-family ), Sans-serif;font-size:var( --e-global-typography-text-font-size );font-weight:var( --e-global-typography-text-font-weight );line-height:var( --e-global-typography-text-line-height );color:var( --e-global-color-text );}@media(max-width:1024px) and (min-width:768px){.elementor-298 .elementor-element.elementor-element-47fb142{width:100%;}}@media(max-width:1024px){.elementor-298 .elementor-element.elementor-element-728d41e{padding:80px 10px 80px 10px;}.elementor-298 .elementor-element.elementor-element-47fb142 > .elementor-element-populated{padding:10px 10px 10px 10px;}.elementor-298 .elementor-element.elementor-element-0126cdc{font-size:var( --e-global-typography-text-font-size );line-height:var( --e-global-typography-text-line-height );}}@media(max-width:767px){.elementor-298 .elementor-element.elementor-element-32a2c0e{margin-top:0px;margin-bottom:0px;padding:60px 0px 60px 0px;}.elementor-298 .elementor-element.elementor-element-351c5d2 .elementor-heading-title{font-size:24px;}.elementor-298 .elementor-element.elementor-element-728d41e{padding:40px 10px 40px 10px;}.elementor-298 .elementor-element.elementor-element-47fb142 > .elementor-element-populated{margin:0px 0px 0px 0px;--e-column-margin-right:0px;--e-column-margin-left:0px;}.elementor-298 .elementor-element.elementor-element-0126cdc{font-size:var( --e-global-typography-text-font-size );line-height:var( --e-global-typography-text-line-height );}}<\/style>\t\t<div data-elementor-type=\"wp-page\" data-elementor-id=\"298\" class=\"elementor elementor-298\" data-elementor-post-type=\"page\">\n\t\t\t\t\t\t<section class=\"elementor-section elementor-top-section elementor-element elementor-element-32a2c0e elementor-section-boxed elementor-section-height-default elementor-section-height-default\" data-id=\"32a2c0e\" data-element_type=\"section\" data-e-type=\"section\" data-settings=\"{&quot;background_background&quot;:&quot;classic&quot;}\">\n\t\t\t\t\t\t\t<div class=\"elementor-background-overlay\"><\/div>\n\t\t\t\t\t\t\t<div class=\"elementor-container elementor-column-gap-default\">\n\t\t\t\t\t<div class=\"elementor-column elementor-col-100 elementor-top-column elementor-element elementor-element-c89bafb\" data-id=\"c89bafb\" data-element_type=\"column\" data-e-type=\"column\">\n\t\t\t<div class=\"elementor-widget-wrap elementor-element-populated\">\n\t\t\t\t\t\t\t<\/div>\n\t\t<\/div>\n\t\t\t\t\t<\/div>\n\t\t<\/section>\n\t\t\t\t<section class=\"elementor-section elementor-top-section elementor-element elementor-element-728d41e elementor-section-content-middle elementor-section-boxed elementor-section-height-default elementor-section-height-default\" data-id=\"728d41e\" data-element_type=\"section\" data-e-type=\"section\" data-settings=\"{&quot;background_background&quot;:&quot;classic&quot;}\">\n\t\t\t\t\t\t<div class=\"elementor-container elementor-column-gap-default\">\n\t\t\t\t\t<div class=\"elementor-column elementor-col-100 elementor-top-column elementor-element elementor-element-47fb142\" data-id=\"47fb142\" data-element_type=\"column\" data-e-type=\"column\">\n\t\t\t<div class=\"elementor-widget-wrap elementor-element-populated\">\n\t\t\t\t\t\t<div class=\"elementor-element elementor-element-0126cdc elementor-widget elementor-widget-text-editor\" data-id=\"0126cdc\" data-element_type=\"widget\" data-e-type=\"widget\" data-widget_type=\"text-editor.default\">\n\t\t\t\t\t\t\t\t\t<h3 data-path-to-node=\"3\">1. \u00bfQu\u00e9 son las cookies?<\/h3><p data-path-to-node=\"4\">Una cookie es un peque\u00f1o fichero de texto que se descarga en su equipo (ordenador, smartphone o tablet) al acceder a determinadas p\u00e1ginas web. Las cookies permiten a una web, entre otras cosas, almacenar y recuperar informaci\u00f3n sobre los h\u00e1bitos de navegaci\u00f3n de un usuario o de su equipo.<\/p><h3 data-path-to-node=\"5\">2. Tipos de cookies utilizadas<\/h3><p data-path-to-node=\"6\">Este sitio web puede utilizar los siguientes tipos de cookies:<\/p><ul data-path-to-node=\"7\"><li><p data-path-to-node=\"7,0,0\"><b data-path-to-node=\"7,0,0\" data-index-in-node=\"0\">Cookies t\u00e9cnicas:<\/b> Son aquellas estrictamente necesarias para el funcionamiento de la web, como el control del tr\u00e1fico, la comunicaci\u00f3n de datos o el mantenimiento de la sesi\u00f3n.<\/p><\/li><li><p data-path-to-node=\"7,1,0\"><b data-path-to-node=\"7,1,0\" data-index-in-node=\"0\">Cookies de personalizaci\u00f3n:<\/b> Permiten al usuario acceder al servicio con algunas caracter\u00edsticas de car\u00e1cter general predefinidas (por ejemplo, el idioma).<\/p><\/li><li><p data-path-to-node=\"7,2,0\"><b data-path-to-node=\"7,2,0\" data-index-in-node=\"0\">Cookies de an\u00e1lisis:<\/b> Son aquellas que, tratadas por nosotros o por terceros, nos permiten cuantificar el n\u00famero de usuarios y realizar la medici\u00f3n y an\u00e1lisis estad\u00edstico de la utilizaci\u00f3n que hacen los usuarios del servicio.<\/p><\/li><\/ul><h3 data-path-to-node=\"8\">3. Cookies de terceros<\/h3><p data-path-to-node=\"9\">Es posible que este sitio utilice servicios de terceros (como Google Analytics o redes sociales) que recopilan informaci\u00f3n con fines estad\u00edsticos y de uso del sitio por parte del usuario.<\/p><h3 data-path-to-node=\"10\">4. Gesti\u00f3n y desactivaci\u00f3n de cookies<\/h3><p data-path-to-node=\"11\">Usted puede permitir, bloquear o eliminar las cookies instaladas en su equipo mediante la configuraci\u00f3n de las opciones del navegador instalado en su ordenador:<\/p><ul data-path-to-node=\"12\"><li><p data-path-to-node=\"12,0,0\"><b data-path-to-node=\"12,0,0\" data-index-in-node=\"0\">Google Chrome:<\/b> Configuraci\u00f3n &gt; Privacidad y seguridad &gt; Cookies y otros datos de sitios.<\/p><\/li><li><p data-path-to-node=\"12,1,0\"><b data-path-to-node=\"12,1,0\" data-index-in-node=\"0\">Mozilla Firefox:<\/b> Ajustes &gt; Privacidad y Seguridad &gt; Cookies y datos del sitio.<\/p><\/li><li><p data-path-to-node=\"12,2,0\"><b data-path-to-node=\"12,2,0\" data-index-in-node=\"0\">Safari:<\/b> Preferencias &gt; Privacidad &gt; Bloquear todas las cookies.<\/p><\/li><li><p data-path-to-node=\"12,3,0\"><b data-path-to-node=\"12,3,0\" data-index-in-node=\"0\">Microsoft Edge:<\/b> Configuraci\u00f3n &gt; Cookies y permisos del sitio.<\/p><\/li><\/ul><h3 data-path-to-node=\"13\">5. Consentimiento<\/h3><p data-path-to-node=\"14\">Al navegar y continuar en nuestro sitio web, usted estar\u00e1 consintiendo el uso de las cookies antes enunciadas en las condiciones contenidas en la presente Pol\u00edtica de Cookies.<\/p>\t\t\t\t\t\t\t\t<\/div>\n\t\t\t\t\t<\/div>\n\t\t<\/div>\n\t\t\t\t\t<\/div>\n\t\t<\/section>\n\t\t\t\t<\/div>\n\t\t","protected":false},"excerpt":{"rendered":"<p>1. \u00bfQu\u00e9 son las cookies? Una cookie es un peque\u00f1o fichero de texto que se descarga en su equipo (ordenador, [&hellip;]<\/p>\n","protected":false},"author":1,"featured_media":0,"parent":0,"menu_order":0,"comment_status":"closed","ping_status":"closed","template":"elementor_header_footer","meta":{"site-sidebar-layout":"no-sidebar","site-content-layout":"","ast-site-content-layout":"full-width-container","site-content-style":"default","site-sidebar-style":"default","ast-global-header-display":"","ast-banner-title-visibility":"","ast-main-header-display":"","ast-hfb-above-header-display":"","ast-hfb-below-header-display":"","ast-hfb-mobile-header-display":"","site-post-title":"","ast-breadcrumbs-content":"","ast-featured-img":"disabled","footer-sml-layout":"","ast-disable-related-posts":"","theme-transparent-header-meta":"default","adv-header-id-meta":"","stick-header-meta":"","header-above-stick-meta":"","header-main-stick-meta":"","header-below-stick-meta":"","astra-migrate-meta-layouts":"set","ast-page-background-enabled":"default","ast-page-background-meta":{"desktop":{"background-color":"var(--ast-global-color-5)","background-image":"","background-repeat":"repeat","background-position":"center center","background-size":"auto","background-attachment":"scroll","background-type":"","background-media":"","overlay-type":"","overlay-color":"","overlay-opacity":"","overlay-gradient":""},"tablet":{"background-color":"","background-image":"","background-repeat":"repeat","background-position":"center center","background-size":"auto","background-attachment":"scroll","background-type":"","background-media":"","overlay-type":"","overlay-color":"","overlay-opacity":"","overlay-gradient":""},"mobile":{"background-color":"","background-image":"","background-repeat":"repeat","background-position":"center center","background-size":"auto","background-attachment":"scroll","background-type":"","background-media":"","overlay-type":"","overlay-color":"","overlay-opacity":"","overlay-gradient":""}},"ast-content-background-meta":{"desktop":{"background-color":"var(--ast-global-color-4)","background-image":"","background-repeat":"repeat","background-position":"center center","background-size":"auto","background-attachment":"scroll","background-type":"","background-media":"","overlay-type":"","overlay-color":"","overlay-opacity":"","overlay-gradient":""},"tablet":{"background-color":"var(--ast-global-color-4)","background-image":"","background-repeat":"repeat","background-position":"center center","background-size":"auto","background-attachment":"scroll","background-type":"","background-media":"","overlay-type":"","overlay-color":"","overlay-opacity":"","overlay-gradient":""},"mobile":{"background-color":"var(--ast-global-color-4)","background-image":"","background-repeat":"repeat","background-position":"center center","background-size":"auto","background-attachment":"scroll","background-type":"","background-media":"","overlay-type":"","overlay-color":"","overlay-opacity":"","overlay-gradient":""}},"footnotes":""},"class_list":["post-298","page","type-page","status-publish","hentry"],"_links":{"self":[{"href":"https:\/\/optimizatuwebwp.com\/index.php?rest_route=\/wp\/v2\/pages\/298","targetHints":{"allow":["GET"]}}],"collection":[{"href":"https:\/\/optimizatuwebwp.com\/index.php?rest_route=\/wp\/v2\/pages"}],"about":[{"href":"https:\/\/optimizatuwebwp.com\/index.php?rest_route=\/wp\/v2\/types\/page"}],"author":[{"embeddable":true,"href":"https:\/\/optimizatuwebwp.com\/index.php?rest_route=\/wp\/v2\/users\/1"}],"replies":[{"embeddable":true,"href":"https:\/\/optimizatuwebwp.com\/index.php?rest_route=%2Fwp%2Fv2%2Fcomments&post=298"}],"version-history":[{"count":4,"href":"https:\/\/optimizatuwebwp.com\/index.php?rest_route=\/wp\/v2\/pages\/298\/revisions"}],"predecessor-version":[{"id":322,"href":"https:\/\/optimizatuwebwp.com\/index.php?rest_route=\/wp\/v2\/pages\/298\/revisions\/322"}],"wp:attachment":[{"href":"https:\/\/optimizatuwebwp.com\/index.php?rest_route=%2Fwp%2Fv2%2Fmedia&parent=298"}],"curies":[{"name":"wp","href":"https:\/\/api.w.org\/{rel}","templated":true}]}}